{"id":463,"date":"2020-12-10T21:40:40","date_gmt":"2020-12-10T20:40:40","guid":{"rendered":"http:\/\/creacodelab.fr\/?page_id=463"},"modified":"2023-10-17T11:19:00","modified_gmt":"2023-10-17T09:19:00","slug":"programmation-debranchee","status":"publish","type":"page","link":"https:\/\/creacodelab.fr\/?page_id=463","title":{"rendered":"Programmation d\u00e9branch\u00e9e"},"content":{"rendered":"\n<div style=\"height:30px\" aria-hidden=\"true\" class=\"wp-block-spacer\"><\/div>\n\n\n\n<h4 class=\"wp-block-heading has-text-align-center\">Plan de la s\u00e9quence<\/h4>\n\n\n\n<div style=\"height:30px\" aria-hidden=\"true\" class=\"wp-block-spacer\"><\/div>\n\n\n\n<p><strong>S\u00e9ance 1 \u2013 Code gestuel<\/strong> : Mise en corps et notion de codage\/programmation<\/p>\n\n\n\n<p><strong><strong> S\u00e9ance 2 \u2013 Code gestuel ou oral ?<\/strong><\/strong> : R\u00e9investir la s\u00e9ance 1 : int\u00e9r\u00eat de la valeur signal<\/p>\n\n\n\n<p><strong>S\u00e9ance 3 \u2013 Code oral<\/strong> : Change le type de codage : du geste vers l&rsquo;oral<\/p>\n\n\n\n<p><strong>S\u00e9ance 4 \u2013 Code graphique<\/strong> : Introduire le code graphique<\/p>\n\n\n\n<p><strong>S\u00e9ance 5 \u2013 Travail sur l\u2019unit\u00e9<\/strong> : D\u00e9terminer l&rsquo;unit\u00e9 de d\u00e9placement<\/p>\n\n\n\n<p><strong>S\u00e9ance 6 \u2013 En musique !<\/strong><\/p>\n\n\n\n<p><strong>S\u00e9ance 7 \u2013 Virage \u00e0 droite<\/strong> : D\u00e9placer son robot du point de d\u00e9part \u00e0 l&rsquo;arriv\u00e9e<\/p>\n\n\n\n<p><strong>S\u00e9ance 8 \u2013 Travail sur quadrillage<\/strong> : D\u00e9placer son robot du point de d\u00e9part \u00e0 l&rsquo;arriv\u00e9e<\/p>\n\n\n\n<p><strong>S\u00e9ance 9 \u2013 Fabrication de maquettes de robots<\/strong> : Robots et arts plastiques<\/p>\n\n\n\n<p><strong>S\u00e9ance 10 \u2013 Production d\u2019\u00e9crits<\/strong> : Robot et production d&rsquo;\u00e9crits<\/p>\n\n\n\n<hr class=\"wp-block-separator has-css-opacity\"\/>\n\n\n\n<p>T\u00e9l\u00e9charger l&rsquo;extrait de la s\u00e9quence<\/p>\n\n\n\n<div data-wp-interactive=\"core\/file\" class=\"wp-block-file\"><object data-wp-bind--hidden=\"!state.hasPdfPreview\" hidden class=\"wp-block-file__embed\" data=\"https:\/\/creacodelab.fr\/wp-content\/uploads\/2023\/10\/Programmation-debranchee-2.pdf\" type=\"application\/pdf\" style=\"width:100%;height:600px\" aria-label=\"Contenu embarqu\u00e9 Programmation-debranchee-2.\"><\/object><a id=\"wp-block-file--media-d5226f56-471e-4040-88f7-30a51216e8a6\" href=\"https:\/\/creacodelab.fr\/wp-content\/uploads\/2023\/10\/Programmation-debranchee-2.pdf\">Programmation-debranchee-2<\/a><a href=\"https:\/\/creacodelab.fr\/wp-content\/uploads\/2023\/10\/Programmation-debranchee-2.pdf\" class=\"wp-block-file__button wp-element-button\" download aria-describedby=\"wp-block-file--media-d5226f56-471e-4040-88f7-30a51216e8a6\">T\u00e9l\u00e9charger<\/a><\/div>\n\n\n\n<div style=\"height:100px\" aria-hidden=\"true\" class=\"wp-block-spacer\"><\/div>\n\n\n\n<div class=\"wp-block-buttons is-horizontal is-content-justification-right is-layout-flex wp-container-core-buttons-is-layout-ae2fe186 wp-block-buttons-is-layout-flex\"><\/div>\n\n\n\n<p><\/p>\n","protected":false},"excerpt":{"rendered":"<p>Plan de la s\u00e9quence S\u00e9ance 1 \u2013 Code gestuel : Mise en corps et notion de codage\/programmation S\u00e9ance 2 \u2013 Code gestuel ou oral ? : R\u00e9investir la s\u00e9ance 1 : int\u00e9r\u00eat de la valeur signal S\u00e9ance 3 \u2013 Code oral : Change le type de codage : du geste vers l&rsquo;oral S\u00e9ance 4 \u2013 Code graphique : Introduire le &hellip; <\/p>\n","protected":false},"author":1,"featured_media":0,"parent":0,"menu_order":0,"comment_status":"closed","ping_status":"closed","template":"","meta":{"footnotes":""},"class_list":["post-463","page","type-page","status-publish","hentry"],"_links":{"self":[{"href":"https:\/\/creacodelab.fr\/index.php?rest_route=\/wp\/v2\/pages\/463","targetHints":{"allow":["GET"]}}],"collection":[{"href":"https:\/\/creacodelab.fr\/index.php?rest_route=\/wp\/v2\/pages"}],"about":[{"href":"https:\/\/creacodelab.fr\/index.php?rest_route=\/wp\/v2\/types\/page"}],"author":[{"embeddable":true,"href":"https:\/\/creacodelab.fr\/index.php?rest_route=\/wp\/v2\/users\/1"}],"replies":[{"embeddable":true,"href":"https:\/\/creacodelab.fr\/index.php?rest_route=%2Fwp%2Fv2%2Fcomments&post=463"}],"version-history":[{"count":22,"href":"https:\/\/creacodelab.fr\/index.php?rest_route=\/wp\/v2\/pages\/463\/revisions"}],"predecessor-version":[{"id":1001,"href":"https:\/\/creacodelab.fr\/index.php?rest_route=\/wp\/v2\/pages\/463\/revisions\/1001"}],"wp:attachment":[{"href":"https:\/\/creacodelab.fr\/index.php?rest_route=%2Fwp%2Fv2%2Fmedia&parent=463"}],"curies":[{"name":"wp","href":"https:\/\/api.w.org\/{rel}","templated":true}]}}