{"id":710,"date":"2022-02-07T10:05:14","date_gmt":"2022-02-07T09:05:14","guid":{"rendered":"https:\/\/creacodelab.fr\/?page_id=710"},"modified":"2022-02-07T10:05:14","modified_gmt":"2022-02-07T09:05:14","slug":"vos-projets","status":"publish","type":"page","link":"https:\/\/creacodelab.fr\/?page_id=710","title":{"rendered":"Vos projets"},"content":{"rendered":"\n<p>Vous \u00eates enseignant, m\u00e9diath\u00e9caire, animateur, parents.<\/p>\n\n\n\n<p>Vous avez un projet avec des Lego mais ne savez pas par o\u00f9 commencer.<\/p>\n\n\n\n<p>Faites-nous part de vos besoins et nous vous proposerons une r\u00e9ponse adapt\u00e9e et un devis personnalis\u00e9.<\/p>\n\n\n\n<div style=\"height:40px\" aria-hidden=\"true\" class=\"wp-block-spacer\"><\/div>\n\n\n\n<p class=\"has-text-align-center\">Exemple d&rsquo;un kit \u00ab\u00a0engrenages\u00a0\u00bb pour une classe de CM1\/CM2<\/p>\n\n\n\n<div class=\"wp-block-image\"><figure class=\"aligncenter size-full is-resized\"><img fetchpriority=\"high\" decoding=\"async\" src=\"https:\/\/creacodelab.fr\/wp-content\/uploads\/2022\/02\/01754CEF-D245-4B0F-9099-34A7DD971B47.gif\" alt=\"\" class=\"wp-image-711\" width=\"376\" height=\"376\"\/><\/figure><\/div>\n","protected":false},"excerpt":{"rendered":"<p>Vous \u00eates enseignant, m\u00e9diath\u00e9caire, animateur, parents. Vous avez un projet avec des Lego mais ne savez pas par o\u00f9 commencer. Faites-nous part de vos besoins et nous vous proposerons une r\u00e9ponse adapt\u00e9e et un devis personnalis\u00e9. Exemple d&rsquo;un kit \u00ab\u00a0engrenages\u00a0\u00bb pour une classe de CM1\/CM2<\/p>\n","protected":false},"author":1,"featured_media":0,"parent":0,"menu_order":0,"comment_status":"closed","ping_status":"closed","template":"","meta":{"footnotes":""},"class_list":["post-710","page","type-page","status-publish","hentry"],"_links":{"self":[{"href":"https:\/\/creacodelab.fr\/index.php?rest_route=\/wp\/v2\/pages\/710","targetHints":{"allow":["GET"]}}],"collection":[{"href":"https:\/\/creacodelab.fr\/index.php?rest_route=\/wp\/v2\/pages"}],"about":[{"href":"https:\/\/creacodelab.fr\/index.php?rest_route=\/wp\/v2\/types\/page"}],"author":[{"embeddable":true,"href":"https:\/\/creacodelab.fr\/index.php?rest_route=\/wp\/v2\/users\/1"}],"replies":[{"embeddable":true,"href":"https:\/\/creacodelab.fr\/index.php?rest_route=%2Fwp%2Fv2%2Fcomments&post=710"}],"version-history":[{"count":1,"href":"https:\/\/creacodelab.fr\/index.php?rest_route=\/wp\/v2\/pages\/710\/revisions"}],"predecessor-version":[{"id":712,"href":"https:\/\/creacodelab.fr\/index.php?rest_route=\/wp\/v2\/pages\/710\/revisions\/712"}],"wp:attachment":[{"href":"https:\/\/creacodelab.fr\/index.php?rest_route=%2Fwp%2Fv2%2Fmedia&parent=710"}],"curies":[{"name":"wp","href":"https:\/\/api.w.org\/{rel}","templated":true}]}}